{"id":2997,"date":"2022-07-13T12:05:58","date_gmt":"2022-07-13T10:05:58","guid":{"rendered":"http:\/\/italchim.molluscobalena.eu\/shop\/?page_id=2997"},"modified":"2022-07-13T12:05:58","modified_gmt":"2022-07-13T10:05:58","slug":"domande-frequenti","status":"publish","type":"page","link":"https:\/\/www.italchim.com\/shop\/domande-frequenti\/","title":{"rendered":"Domande frequenti"},"content":{"rendered":"<p><strong>Non riesco ad accedere al mio account.<\/strong><br \/>\nIn caso di problemi tecnici riguardanti il proprio profilo utente \u00e8 consigliabile inviare una mail tramite l&#8217;apposita form, oppure contattare l&#8217;assistenza clienti.<\/p>\n<p><strong>Vendete anche a possessori di Partita IVA?<\/strong><br \/>\nS\u00ec, in questo caso per\u00f2 occorre fare riferimento \u00e8 www.italchim.com.<\/p>\n<p><strong>Esistono minimi di acquisto?<\/strong><br \/>\nS\u00ec, per concludere l&#8217;acquisto occorre raggiungere i 50\u20ac di spesa.<\/p>\n<p><strong>I prezzi sono comprensivi di IVA?<\/strong><br \/>\nS\u00ec, i prezzi sono comprensivi di IVA al 22%.<\/p>\n","protected":false},"excerpt":{"rendered":"<p>Non riesco ad accedere al mio account. In caso di problemi tecnici riguardanti il proprio profilo utente \u00e8 consigliabile inviare una mail tramite l&#8217;apposita form, oppure contattare l&#8217;assistenza clienti. Vendete anche a possessori di Partita IVA? S\u00ec, in questo caso per\u00f2 occorre fare riferimento \u00e8 www.italchim.com. Esistono minimi di acquisto? S\u00ec, per concludere l&#8217;acquisto occorre &hellip; <a href=\"https:\/\/www.italchim.com\/shop\/domande-frequenti\/\" class=\"more-link\">Continue reading <span class=\"screen-reader-text\">Domande frequenti<\/span><\/a><\/p>\n","protected":false},"author":1,"featured_media":0,"parent":0,"menu_order":0,"comment_status":"closed","ping_status":"closed","template":"","meta":[],"yoast_head":"<!-- This site is optimized with the Yoast SEO plugin v19.10 - https:\/\/yoast.com\/wordpress\/plugins\/seo\/ -->\n<title>Domande frequenti &ndash; Italchim Shop<\/title>\n<meta name=\"robots\" content=\"index, follow, max-snippet:-1, max-image-preview:large, max-video-preview:-1\" \/>\n<link rel=\"canonical\" href=\"https:\/\/www.italchim.com\/shop\/domande-frequenti\/\" \/>\n<meta property=\"og:locale\" content=\"it_IT\" \/>\n<meta property=\"og:type\" content=\"article\" \/>\n<meta property=\"og:title\" content=\"Domande frequenti &ndash; Italchim Shop\" \/>\n<meta property=\"og:description\" content=\"Non riesco ad accedere al mio account. In caso di problemi tecnici riguardanti il proprio profilo utente \u00e8 consigliabile inviare una mail tramite l&#8217;apposita form, oppure contattare l&#8217;assistenza clienti. Vendete anche a possessori di Partita IVA? S\u00ec, in questo caso per\u00f2 occorre fare riferimento \u00e8 www.italchim.com. Esistono minimi di acquisto? S\u00ec, per concludere l&#8217;acquisto occorre &hellip; Continue reading Domande frequenti\" \/>\n<meta property=\"og:url\" content=\"https:\/\/www.italchim.com\/shop\/domande-frequenti\/\" \/>\n<meta property=\"og:site_name\" content=\"Italchim Shop\" \/>\n<meta property=\"article:publisher\" content=\"https:\/\/www.facebook.com\/prodottipuliziaigiene\" \/>\n<meta name=\"twitter:card\" content=\"summary_large_image\" \/>\n<script type=\"application\/ld+json\" class=\"yoast-schema-graph\">{\"@context\":\"https:\/\/schema.org\",\"@graph\":[{\"@type\":\"WebPage\",\"@id\":\"https:\/\/www.italchim.com\/shop\/domande-frequenti\/\",\"url\":\"https:\/\/www.italchim.com\/shop\/domande-frequenti\/\",\"name\":\"Domande frequenti &ndash; Italchim Shop\",\"isPartOf\":{\"@id\":\"https:\/\/www.italchim.com\/shop\/#website\"},\"datePublished\":\"2022-07-13T10:05:58+00:00\",\"dateModified\":\"2022-07-13T10:05:58+00:00\",\"breadcrumb\":{\"@id\":\"https:\/\/www.italchim.com\/shop\/domande-frequenti\/#breadcrumb\"},\"inLanguage\":\"it-IT\",\"potentialAction\":[{\"@type\":\"ReadAction\",\"target\":[\"https:\/\/www.italchim.com\/shop\/domande-frequenti\/\"]}]},{\"@type\":\"BreadcrumbList\",\"@id\":\"https:\/\/www.italchim.com\/shop\/domande-frequenti\/#breadcrumb\",\"itemListElement\":[{\"@type\":\"ListItem\",\"position\":1,\"name\":\"Home\",\"item\":\"https:\/\/www.italchim.com\/shop\/\"},{\"@type\":\"ListItem\",\"position\":2,\"name\":\"Domande frequenti\"}]},{\"@type\":\"WebSite\",\"@id\":\"https:\/\/www.italchim.com\/shop\/#website\",\"url\":\"https:\/\/www.italchim.com\/shop\/\",\"name\":\"Italchim Shop - Ecommerce\",\"description\":\"Evoluzione di una formula vincente\",\"publisher\":{\"@id\":\"https:\/\/www.italchim.com\/shop\/#organization\"},\"potentialAction\":[{\"@type\":\"SearchAction\",\"target\":{\"@type\":\"EntryPoint\",\"urlTemplate\":\"https:\/\/www.italchim.com\/shop\/?s={search_term_string}\"},\"query-input\":\"required name=search_term_string\"}],\"inLanguage\":\"it-IT\"},{\"@type\":\"Organization\",\"@id\":\"https:\/\/www.italchim.com\/shop\/#organization\",\"name\":\"Italchim Shop - Ecommerce\",\"url\":\"https:\/\/www.italchim.com\/shop\/\",\"logo\":{\"@type\":\"ImageObject\",\"inLanguage\":\"it-IT\",\"@id\":\"https:\/\/www.italchim.com\/shop\/#\/schema\/logo\/image\/\",\"url\":\"https:\/\/www.italchim.com\/shop\/wp-content\/uploads\/sites\/2\/2022\/11\/italchim-logo.png\",\"contentUrl\":\"https:\/\/www.italchim.com\/shop\/wp-content\/uploads\/sites\/2\/2022\/11\/italchim-logo.png\",\"width\":400,\"height\":94,\"caption\":\"Italchim Shop - Ecommerce\"},\"image\":{\"@id\":\"https:\/\/www.italchim.com\/shop\/#\/schema\/logo\/image\/\"},\"sameAs\":[\"https:\/\/www.facebook.com\/prodottipuliziaigiene\"]}]}<\/script>\n<!-- \/ Yoast SEO plugin. -->","yoast_head_json":{"title":"Domande frequenti &ndash; Italchim Shop","robots":{"index":"index","follow":"follow","max-snippet":"max-snippet:-1","max-image-preview":"max-image-preview:large","max-video-preview":"max-video-preview:-1"},"canonical":"https:\/\/www.italchim.com\/shop\/domande-frequenti\/","og_locale":"it_IT","og_type":"article","og_title":"Domande frequenti &ndash; Italchim Shop","og_description":"Non riesco ad accedere al mio account. In caso di problemi tecnici riguardanti il proprio profilo utente \u00e8 consigliabile inviare una mail tramite l&#8217;apposita form, oppure contattare l&#8217;assistenza clienti. Vendete anche a possessori di Partita IVA? S\u00ec, in questo caso per\u00f2 occorre fare riferimento \u00e8 www.italchim.com. Esistono minimi di acquisto? S\u00ec, per concludere l&#8217;acquisto occorre &hellip; Continue reading Domande frequenti","og_url":"https:\/\/www.italchim.com\/shop\/domande-frequenti\/","og_site_name":"Italchim Shop","article_publisher":"https:\/\/www.facebook.com\/prodottipuliziaigiene","twitter_card":"summary_large_image","schema":{"@context":"https:\/\/schema.org","@graph":[{"@type":"WebPage","@id":"https:\/\/www.italchim.com\/shop\/domande-frequenti\/","url":"https:\/\/www.italchim.com\/shop\/domande-frequenti\/","name":"Domande frequenti &ndash; Italchim Shop","isPartOf":{"@id":"https:\/\/www.italchim.com\/shop\/#website"},"datePublished":"2022-07-13T10:05:58+00:00","dateModified":"2022-07-13T10:05:58+00:00","breadcrumb":{"@id":"https:\/\/www.italchim.com\/shop\/domande-frequenti\/#breadcrumb"},"inLanguage":"it-IT","potentialAction":[{"@type":"ReadAction","target":["https:\/\/www.italchim.com\/shop\/domande-frequenti\/"]}]},{"@type":"BreadcrumbList","@id":"https:\/\/www.italchim.com\/shop\/domande-frequenti\/#breadcrumb","itemListElement":[{"@type":"ListItem","position":1,"name":"Home","item":"https:\/\/www.italchim.com\/shop\/"},{"@type":"ListItem","position":2,"name":"Domande frequenti"}]},{"@type":"WebSite","@id":"https:\/\/www.italchim.com\/shop\/#website","url":"https:\/\/www.italchim.com\/shop\/","name":"Italchim Shop - Ecommerce","description":"Evoluzione di una formula vincente","publisher":{"@id":"https:\/\/www.italchim.com\/shop\/#organization"},"potentialAction":[{"@type":"SearchAction","target":{"@type":"EntryPoint","urlTemplate":"https:\/\/www.italchim.com\/shop\/?s={search_term_string}"},"query-input":"required name=search_term_string"}],"inLanguage":"it-IT"},{"@type":"Organization","@id":"https:\/\/www.italchim.com\/shop\/#organization","name":"Italchim Shop - Ecommerce","url":"https:\/\/www.italchim.com\/shop\/","logo":{"@type":"ImageObject","inLanguage":"it-IT","@id":"https:\/\/www.italchim.com\/shop\/#\/schema\/logo\/image\/","url":"https:\/\/www.italchim.com\/shop\/wp-content\/uploads\/sites\/2\/2022\/11\/italchim-logo.png","contentUrl":"https:\/\/www.italchim.com\/shop\/wp-content\/uploads\/sites\/2\/2022\/11\/italchim-logo.png","width":400,"height":94,"caption":"Italchim Shop - Ecommerce"},"image":{"@id":"https:\/\/www.italchim.com\/shop\/#\/schema\/logo\/image\/"},"sameAs":["https:\/\/www.facebook.com\/prodottipuliziaigiene"]}]}},"_links":{"self":[{"href":"https:\/\/www.italchim.com\/shop\/wp-json\/wp\/v2\/pages\/2997"}],"collection":[{"href":"https:\/\/www.italchim.com\/shop\/wp-json\/wp\/v2\/pages"}],"about":[{"href":"https:\/\/www.italchim.com\/shop\/wp-json\/wp\/v2\/types\/page"}],"author":[{"embeddable":true,"href":"https:\/\/www.italchim.com\/shop\/wp-json\/wp\/v2\/users\/1"}],"replies":[{"embeddable":true,"href":"https:\/\/www.italchim.com\/shop\/wp-json\/wp\/v2\/comments?post=2997"}],"version-history":[{"count":1,"href":"https:\/\/www.italchim.com\/shop\/wp-json\/wp\/v2\/pages\/2997\/revisions"}],"predecessor-version":[{"id":2998,"href":"https:\/\/www.italchim.com\/shop\/wp-json\/wp\/v2\/pages\/2997\/revisions\/2998"}],"wp:attachment":[{"href":"https:\/\/www.italchim.com\/shop\/wp-json\/wp\/v2\/media?parent=2997"}],"curies":[{"name":"wp","href":"https:\/\/api.w.org\/{rel}","templated":true}]}}