{"id":2995,"date":"2022-07-13T12:04:19","date_gmt":"2022-07-13T10:04:19","guid":{"rendered":"http:\/\/italchim.molluscobalena.eu\/shop\/?page_id=2995"},"modified":"2022-07-13T12:04:19","modified_gmt":"2022-07-13T10:04:19","slug":"diritto-di-recesso","status":"publish","type":"page","link":"https:\/\/www.italchim.com\/shop\/diritto-di-recesso\/","title":{"rendered":"Diritto di recesso"},"content":{"rendered":"<p>Ai sensi dell&#8217;art. 5 DL 185\/1999, se il cliente \u00e8 un consumatore (ossia una persona fisica che acquista la merce per scopi non riferibili alla propria attivit\u00e0 professionale, ovvero non effettua l&#8217;acquisto indicando nel modulo d&#8217;ordine un riferimento di Partita IVA), ha diritto a recedere dal contratto di acquisto, fatto salvo quanto indicato:<br \/>\nPer esercitare tale diritto, il cliente dovr\u00e0 inviare ad Italchim s.r.l. una comunicazione in tal senso, entro 10 giorni lavorativi dalla data di ricevimento della merce. Tale comunicazione dovr\u00e0 essere inviata a mezzo lettera raccomandata con avviso di ricevimento, indirizzata a Italchim s.r.l. &#8211; Via del Mobiliere 14, 40138 Bologna (Italy). Tale comunicazione potr\u00e0 essere anticipata anche via fax, purch\u00e9 confermata con raccomandata A.R. entro 48 ore. Una volta pervenutaci la suddetta comunicazione di recesso, il Servizio Clienti di www.prodottipuliziaigiene.it provveder\u00e0 a comunicare al Cliente le istruzioni sulla modalit\u00e0 di restituzione della merce che dovr\u00e0 pervenire entro 10 giorni dall&#8217;autorizzazione.<\/p>\n<p>Il diritto di recesso \u00e8 comunque sottoposto alle seguenti condizioni:<br \/>\n1) il diritto si applica al prodotto acquistato nella sua interezza; non \u00e8 possibile esercitare recesso solamente su parte del prodotto acquistato;<br \/>\n2) il diritto non si applica ai prodotti una volta usati;<br \/>\n3) il bene acquistato dovr\u00e0 essere integro e restituito nella confezione originale, completa in tutte le sue parti (compresi imballo ed eventuale documentazione e dotazione accessoria: manuali, ecc&#8230;); per limitare danneggiamenti alla confezione originale, raccomandiamo, quando possibile, di inserirla in una seconda scatola; va evitata in tutti i casi l&#8217;apposizione di etichette o nastri adesivi direttamente sulla confezione originale del prodotto;<br \/>\n4) a norma di legge, le spese di spedizione relative alla restituzione del bene sono a carico del cliente;<br \/>\n5) a spedizione, fino all&#8217;attestato di avvenuto ricevimento nel nostro magazzino, \u00e8 sotto la completa responsabilit\u00e0 del cliente;<br \/>\n6) in caso di danneggiamento del bene durante il trasporto, www.prodottipuliziaigiene.it dar\u00e0 comunicazione al cliente dell&#8217;accaduto (entro 5 giorni lavorativi dal ricevimento del bene nei propri magazzini), per consentirgli di sporgere tempestivamente denuncia nei confronti del corriere da lui scelto e ottenere il rimborso del valore del bene (se assicurato); in questa eventualit\u00e0, il prodotto sar\u00e0 messo a disposizione del cliente per la sua restituzione, contemporaneamente annullando la richiesta di recesso;<br \/>\n7) Italchim s.r.l. non risponde in nessun modo per danneggiamenti o furto\/smarrimento di beni restituiti con spedizioni non assicurate;<br \/>\n8) al suo arrivo in magazzino, il prodotto sar\u00e0 esaminato per valutare eventuali danni o manomissioni non derivanti dal trasporto. Qualora la confezione e\/o l&#8217;imballo originale risultino rovinati, Italchim s.r.l. provveder\u00e0 a trattenere dal rimborso dovuto una percentuale, comunque non superiore al 10% dello stesso, quale contributo alle spese di ripristino.<br \/>\nFatte salve eventuali spese di ripristino per danni accertati all&#8217;imballo originale, Italchim s.r.l. provveder\u00e0 a rimborsare al cliente l&#8217;intero importo gi\u00e0 pagato, entro 30 giorni dal ricevimento della comunicazione del recesso, tramite procedura di storno dell&#8217;importo addebitato sulla Carta di Credito o a mezzo Bonifico Bancario. In quest&#8217;ultimo caso, sar\u00e0 cura del cliente fornire tempestivamente le coordinate bancarie sulle quali ottenere il rimborso (Cod. ABI &#8211; CAB &#8211; Conto Corrente dell&#8217;intestatario della fattura).<br \/>\nIl diritto di recesso decade totalmente, per mancanza della condizione essenziale di integrit\u00e0 del bene (confezione e\/o suo contenuto), nei casi in cui Italchim s.r.l.. accerti:<br \/>\n&#8211; la mancanza della confezione esterna e\/o dell&#8217;imballo interno originale;<br \/>\n&#8211; l&#8217;assenza di elementi integranti del prodotto;<br \/>\n&#8211; il danneggiamento del prodotto per cause diverse dal suo trasporto. Nel caso di decadenza del diritto di recesso, Italchim s.r.l. provveder\u00e0 a restituire al mittente il bene acquistato, addebitando allo stesso le spese di spedizione.<\/p>\n<p><strong>Legge applicabile<\/strong><br \/>\nIl contratto di vendita tra il Cliente e Italchim s.r.l. s&#8217;intende concluso in Italia e regolato dalla Legge Italiana.<br \/>\nPer la soluzione di controversie civili e penali derivanti dalla conclusione del presente contratto di vendita a distanza, la competenza territoriale \u00e8 esclusivamente quella del foro di Bologna.<\/p>\n","protected":false},"excerpt":{"rendered":"<p>Ai sensi dell&#8217;art. 5 DL 185\/1999, se il cliente \u00e8 un consumatore (ossia una persona fisica che acquista la merce per scopi non riferibili alla propria attivit\u00e0 professionale, ovvero non effettua l&#8217;acquisto indicando nel modulo d&#8217;ordine un riferimento di Partita IVA), ha diritto a recedere dal contratto di acquisto, fatto salvo quanto indicato: Per esercitare &hellip; <a href=\"https:\/\/www.italchim.com\/shop\/diritto-di-recesso\/\" class=\"more-link\">Continue reading <span class=\"screen-reader-text\">Diritto di recesso<\/span><\/a><\/p>\n","protected":false},"author":1,"featured_media":0,"parent":0,"menu_order":0,"comment_status":"closed","ping_status":"closed","template":"","meta":[],"yoast_head":"<!-- This site is optimized with the Yoast SEO plugin v19.10 - https:\/\/yoast.com\/wordpress\/plugins\/seo\/ -->\n<title>Diritto di recesso &ndash; Italchim Shop<\/title>\n<meta name=\"robots\" content=\"index, follow, max-snippet:-1, max-image-preview:large, max-video-preview:-1\" \/>\n<link rel=\"canonical\" href=\"https:\/\/www.italchim.com\/shop\/diritto-di-recesso\/\" \/>\n<meta property=\"og:locale\" content=\"it_IT\" \/>\n<meta property=\"og:type\" content=\"article\" \/>\n<meta property=\"og:title\" content=\"Diritto di recesso &ndash; Italchim Shop\" \/>\n<meta property=\"og:description\" content=\"Ai sensi dell&#8217;art. 5 DL 185\/1999, se il cliente \u00e8 un consumatore (ossia una persona fisica che acquista la merce per scopi non riferibili alla propria attivit\u00e0 professionale, ovvero non effettua l&#8217;acquisto indicando nel modulo d&#8217;ordine un riferimento di Partita IVA), ha diritto a recedere dal contratto di acquisto, fatto salvo quanto indicato: Per esercitare &hellip; Continue reading Diritto di recesso\" \/>\n<meta property=\"og:url\" content=\"https:\/\/www.italchim.com\/shop\/diritto-di-recesso\/\" \/>\n<meta property=\"og:site_name\" content=\"Italchim Shop\" \/>\n<meta property=\"article:publisher\" content=\"https:\/\/www.facebook.com\/prodottipuliziaigiene\" \/>\n<meta name=\"twitter:card\" content=\"summary_large_image\" \/>\n<meta name=\"twitter:label1\" content=\"Tempo di lettura stimato\" \/>\n\t<meta name=\"twitter:data1\" content=\"3 minuti\" \/>\n<script type=\"application\/ld+json\" class=\"yoast-schema-graph\">{\"@context\":\"https:\/\/schema.org\",\"@graph\":[{\"@type\":\"WebPage\",\"@id\":\"https:\/\/www.italchim.com\/shop\/diritto-di-recesso\/\",\"url\":\"https:\/\/www.italchim.com\/shop\/diritto-di-recesso\/\",\"name\":\"Diritto di recesso &ndash; Italchim Shop\",\"isPartOf\":{\"@id\":\"https:\/\/www.italchim.com\/shop\/#website\"},\"datePublished\":\"2022-07-13T10:04:19+00:00\",\"dateModified\":\"2022-07-13T10:04:19+00:00\",\"breadcrumb\":{\"@id\":\"https:\/\/www.italchim.com\/shop\/diritto-di-recesso\/#breadcrumb\"},\"inLanguage\":\"it-IT\",\"potentialAction\":[{\"@type\":\"ReadAction\",\"target\":[\"https:\/\/www.italchim.com\/shop\/diritto-di-recesso\/\"]}]},{\"@type\":\"BreadcrumbList\",\"@id\":\"https:\/\/www.italchim.com\/shop\/diritto-di-recesso\/#breadcrumb\",\"itemListElement\":[{\"@type\":\"ListItem\",\"position\":1,\"name\":\"Home\",\"item\":\"https:\/\/www.italchim.com\/shop\/\"},{\"@type\":\"ListItem\",\"position\":2,\"name\":\"Diritto di recesso\"}]},{\"@type\":\"WebSite\",\"@id\":\"https:\/\/www.italchim.com\/shop\/#website\",\"url\":\"https:\/\/www.italchim.com\/shop\/\",\"name\":\"Italchim Shop - Ecommerce\",\"description\":\"Evoluzione di una formula vincente\",\"publisher\":{\"@id\":\"https:\/\/www.italchim.com\/shop\/#organization\"},\"potentialAction\":[{\"@type\":\"SearchAction\",\"target\":{\"@type\":\"EntryPoint\",\"urlTemplate\":\"https:\/\/www.italchim.com\/shop\/?s={search_term_string}\"},\"query-input\":\"required name=search_term_string\"}],\"inLanguage\":\"it-IT\"},{\"@type\":\"Organization\",\"@id\":\"https:\/\/www.italchim.com\/shop\/#organization\",\"name\":\"Italchim Shop - Ecommerce\",\"url\":\"https:\/\/www.italchim.com\/shop\/\",\"logo\":{\"@type\":\"ImageObject\",\"inLanguage\":\"it-IT\",\"@id\":\"https:\/\/www.italchim.com\/shop\/#\/schema\/logo\/image\/\",\"url\":\"https:\/\/www.italchim.com\/shop\/wp-content\/uploads\/sites\/2\/2022\/11\/italchim-logo.png\",\"contentUrl\":\"https:\/\/www.italchim.com\/shop\/wp-content\/uploads\/sites\/2\/2022\/11\/italchim-logo.png\",\"width\":400,\"height\":94,\"caption\":\"Italchim Shop - Ecommerce\"},\"image\":{\"@id\":\"https:\/\/www.italchim.com\/shop\/#\/schema\/logo\/image\/\"},\"sameAs\":[\"https:\/\/www.facebook.com\/prodottipuliziaigiene\"]}]}<\/script>\n<!-- \/ Yoast SEO plugin. -->","yoast_head_json":{"title":"Diritto di recesso &ndash; Italchim Shop","robots":{"index":"index","follow":"follow","max-snippet":"max-snippet:-1","max-image-preview":"max-image-preview:large","max-video-preview":"max-video-preview:-1"},"canonical":"https:\/\/www.italchim.com\/shop\/diritto-di-recesso\/","og_locale":"it_IT","og_type":"article","og_title":"Diritto di recesso &ndash; Italchim Shop","og_description":"Ai sensi dell&#8217;art. 5 DL 185\/1999, se il cliente \u00e8 un consumatore (ossia una persona fisica che acquista la merce per scopi non riferibili alla propria attivit\u00e0 professionale, ovvero non effettua l&#8217;acquisto indicando nel modulo d&#8217;ordine un riferimento di Partita IVA), ha diritto a recedere dal contratto di acquisto, fatto salvo quanto indicato: Per esercitare &hellip; Continue reading Diritto di recesso","og_url":"https:\/\/www.italchim.com\/shop\/diritto-di-recesso\/","og_site_name":"Italchim Shop","article_publisher":"https:\/\/www.facebook.com\/prodottipuliziaigiene","twitter_card":"summary_large_image","twitter_misc":{"Tempo di lettura stimato":"3 minuti"},"schema":{"@context":"https:\/\/schema.org","@graph":[{"@type":"WebPage","@id":"https:\/\/www.italchim.com\/shop\/diritto-di-recesso\/","url":"https:\/\/www.italchim.com\/shop\/diritto-di-recesso\/","name":"Diritto di recesso &ndash; Italchim Shop","isPartOf":{"@id":"https:\/\/www.italchim.com\/shop\/#website"},"datePublished":"2022-07-13T10:04:19+00:00","dateModified":"2022-07-13T10:04:19+00:00","breadcrumb":{"@id":"https:\/\/www.italchim.com\/shop\/diritto-di-recesso\/#breadcrumb"},"inLanguage":"it-IT","potentialAction":[{"@type":"ReadAction","target":["https:\/\/www.italchim.com\/shop\/diritto-di-recesso\/"]}]},{"@type":"BreadcrumbList","@id":"https:\/\/www.italchim.com\/shop\/diritto-di-recesso\/#breadcrumb","itemListElement":[{"@type":"ListItem","position":1,"name":"Home","item":"https:\/\/www.italchim.com\/shop\/"},{"@type":"ListItem","position":2,"name":"Diritto di recesso"}]},{"@type":"WebSite","@id":"https:\/\/www.italchim.com\/shop\/#website","url":"https:\/\/www.italchim.com\/shop\/","name":"Italchim Shop - Ecommerce","description":"Evoluzione di una formula vincente","publisher":{"@id":"https:\/\/www.italchim.com\/shop\/#organization"},"potentialAction":[{"@type":"SearchAction","target":{"@type":"EntryPoint","urlTemplate":"https:\/\/www.italchim.com\/shop\/?s={search_term_string}"},"query-input":"required name=search_term_string"}],"inLanguage":"it-IT"},{"@type":"Organization","@id":"https:\/\/www.italchim.com\/shop\/#organization","name":"Italchim Shop - Ecommerce","url":"https:\/\/www.italchim.com\/shop\/","logo":{"@type":"ImageObject","inLanguage":"it-IT","@id":"https:\/\/www.italchim.com\/shop\/#\/schema\/logo\/image\/","url":"https:\/\/www.italchim.com\/shop\/wp-content\/uploads\/sites\/2\/2022\/11\/italchim-logo.png","contentUrl":"https:\/\/www.italchim.com\/shop\/wp-content\/uploads\/sites\/2\/2022\/11\/italchim-logo.png","width":400,"height":94,"caption":"Italchim Shop - Ecommerce"},"image":{"@id":"https:\/\/www.italchim.com\/shop\/#\/schema\/logo\/image\/"},"sameAs":["https:\/\/www.facebook.com\/prodottipuliziaigiene"]}]}},"_links":{"self":[{"href":"https:\/\/www.italchim.com\/shop\/wp-json\/wp\/v2\/pages\/2995"}],"collection":[{"href":"https:\/\/www.italchim.com\/shop\/wp-json\/wp\/v2\/pages"}],"about":[{"href":"https:\/\/www.italchim.com\/shop\/wp-json\/wp\/v2\/types\/page"}],"author":[{"embeddable":true,"href":"https:\/\/www.italchim.com\/shop\/wp-json\/wp\/v2\/users\/1"}],"replies":[{"embeddable":true,"href":"https:\/\/www.italchim.com\/shop\/wp-json\/wp\/v2\/comments?post=2995"}],"version-history":[{"count":1,"href":"https:\/\/www.italchim.com\/shop\/wp-json\/wp\/v2\/pages\/2995\/revisions"}],"predecessor-version":[{"id":2996,"href":"https:\/\/www.italchim.com\/shop\/wp-json\/wp\/v2\/pages\/2995\/revisions\/2996"}],"wp:attachment":[{"href":"https:\/\/www.italchim.com\/shop\/wp-json\/wp\/v2\/media?parent=2995"}],"curies":[{"name":"wp","href":"https:\/\/api.w.org\/{rel}","templated":true}]}}